{"id":1843,"date":"2022-11-28T13:40:24","date_gmt":"2022-11-28T13:40:24","guid":{"rendered":"https:\/\/carnad.kompas360.dk\/nyheder\/"},"modified":"2024-02-15T13:46:07","modified_gmt":"2024-02-15T13:46:07","slug":"presse","status":"publish","type":"page","link":"https:\/\/carnad.com\/da\/presse\/","title":{"rendered":"Presse"},"content":{"rendered":"\t\t<div data-elementor-type=\"wp-page\" data-elementor-id=\"1843\" class=\"elementor elementor-1843 elementor-728\">\n\t\t\t\t\t\t\t\t\t<section class=\"elementor-section elementor-top-section elementor-element elementor-element-63e5b60 elementor-section-full_width elementor-section-height-min-height elementor-section-height-default elementor-section-items-middle\" data-id=\"63e5b60\" data-element_type=\"section\" data-settings=\"{&quot;background_background&quot;:&quot;classic&quot;}\">\n\t\t\t\t\t\t\t<div class=\"elementor-background-overlay\"><\/div>\n\t\t\t\t\t\t\t<div class=\"elementor-container elementor-column-gap-default\">\n\t\t\t\t\t<div class=\"elementor-column elementor-col-100 elementor-top-column elementor-element elementor-element-5916d74\" data-id=\"5916d74\" data-element_type=\"column\">\n\t\t\t<div class=\"elementor-widget-wrap elementor-element-populated\">\n\t\t\t\t\t\t\t\t<div class=\"elementor-element elementor-element-5342ff1 elementor-widget elementor-widget-heading\" data-id=\"5342ff1\" data-element_type=\"widget\" data-widget_type=\"heading.default\">\n\t\t\t\t<div class=\"elementor-widget-container\">\n\t\t\t<style>\/*! elementor - v3.11.5 - 14-03-2023 *\/\n.elementor-heading-title{padding:0;margin:0;line-height:1}.elementor-widget-heading .elementor-heading-title[class*=elementor-size-]>a{color:inherit;font-size:inherit;line-height:inherit}.elementor-widget-heading .elementor-heading-title.elementor-size-small{font-size:15px}.elementor-widget-heading .elementor-heading-title.elementor-size-medium{font-size:19px}.elementor-widget-heading .elementor-heading-title.elementor-size-large{font-size:29px}.elementor-widget-heading .elementor-heading-title.elementor-size-xl{font-size:39px}.elementor-widget-heading .elementor-heading-title.elementor-size-xxl{font-size:59px}<\/style><h1 class=\"elementor-heading-title elementor-size-default\">Presse<\/h1>\t\t<\/div>\n\t\t\t\t<\/div>\n\t\t\t\t\t<\/div>\n\t\t<\/div>\n\t\t\t\t\t\t\t<\/div>\n\t\t<\/section>\n\t\t\t\t<section class=\"elementor-section elementor-top-section elementor-element elementor-element-b7875aa elementor-section-boxed elementor-section-height-default elementor-section-height-default\" data-id=\"b7875aa\" data-element_type=\"section\">\n\t\t\t\t\t\t<div class=\"elementor-container elementor-column-gap-default\">\n\t\t\t\t\t<div class=\"elementor-column elementor-col-100 elementor-top-column elementor-element elementor-element-6ba8d46\" data-id=\"6ba8d46\" data-element_type=\"column\">\n\t\t\t<div class=\"elementor-widget-wrap elementor-element-populated\">\n\t\t\t\t\t\t\t\t<div class=\"elementor-element elementor-element-7a38b16 elementor-widget elementor-widget-heading\" data-id=\"7a38b16\" data-element_type=\"widget\" data-widget_type=\"heading.default\">\n\t\t\t\t<div class=\"elementor-widget-container\">\n\t\t\t<h2 class=\"elementor-heading-title elementor-size-default\">For pressesp\u00f8rgsm\u00e5l kontaktes<\/h2>\t\t<\/div>\n\t\t\t\t<\/div>\n\t\t\t\t<section class=\"elementor-section elementor-inner-section elementor-element elementor-element-5997544 elementor-section-full_width elementor-section-height-default elementor-section-height-default\" data-id=\"5997544\" data-element_type=\"section\">\n\t\t\t\t\t\t<div class=\"elementor-container elementor-column-gap-default\">\n\t\t\t\t\t<div class=\"elementor-column elementor-col-33 elementor-inner-column elementor-element elementor-element-c7e6d4f\" data-id=\"c7e6d4f\" data-element_type=\"column\">\n\t\t\t<div class=\"elementor-widget-wrap\">\n\t\t\t\t\t\t\t\t\t<\/div>\n\t\t<\/div>\n\t\t\t\t<div class=\"elementor-column elementor-col-33 elementor-inner-column elementor-element elementor-element-194a8d5\" data-id=\"194a8d5\" data-element_type=\"column\">\n\t\t\t<div class=\"elementor-widget-wrap elementor-element-populated\">\n\t\t\t\t\t\t\t\t<div class=\"elementor-element elementor-element-fcd9417 elementor-widget elementor-widget-image\" data-id=\"fcd9417\" data-element_type=\"widget\" data-widget_type=\"image.default\">\n\t\t\t\t<div class=\"elementor-widget-container\">\n\t\t\t<style>\/*! elementor - v3.11.5 - 14-03-2023 *\/\n.elementor-widget-image{text-align:center}.elementor-widget-image a{display:inline-block}.elementor-widget-image a img[src$=\".svg\"]{width:48px}.elementor-widget-image img{vertical-align:middle;display:inline-block}<\/style>\t\t\t\t\t\t\t\t\t\t\t\t<img loading=\"lazy\" decoding=\"async\" width=\"500\" height=\"500\" src=\"https:\/\/carnad.com\/wp-content\/uploads\/2022\/11\/erik.jpg\" class=\"attachment-large size-large wp-image-1708\" alt=\"\" srcset=\"https:\/\/carnad.com\/wp-content\/uploads\/2022\/11\/erik.jpg 500w, https:\/\/carnad.com\/wp-content\/uploads\/2022\/11\/erik-300x300.jpg 300w, https:\/\/carnad.com\/wp-content\/uploads\/2022\/11\/erik-150x150.jpg 150w\" sizes=\"auto, (max-width: 500px) 100vw, 500px\" \/>\t\t\t\t\t\t\t\t\t\t\t\t\t\t\t<\/div>\n\t\t\t\t<\/div>\n\t\t\t\t<div class=\"elementor-element elementor-element-8615d2c elementor-widget elementor-widget-text-editor\" data-id=\"8615d2c\" data-element_type=\"widget\" data-widget_type=\"text-editor.default\">\n\t\t\t\t<div class=\"elementor-widget-container\">\n\t\t\t<style>\/*! elementor - v3.11.5 - 14-03-2023 *\/\n.elementor-widget-text-editor.elementor-drop-cap-view-stacked .elementor-drop-cap{background-color:#818a91;color:#fff}.elementor-widget-text-editor.elementor-drop-cap-view-framed .elementor-drop-cap{color:#818a91;border:3px solid;background-color:transparent}.elementor-widget-text-editor:not(.elementor-drop-cap-view-default) .elementor-drop-cap{margin-top:8px}.elementor-widget-text-editor:not(.elementor-drop-cap-view-default) .elementor-drop-cap-letter{width:1em;height:1em}.elementor-widget-text-editor .elementor-drop-cap{float:left;text-align:center;line-height:1;font-size:50px}.elementor-widget-text-editor .elementor-drop-cap-letter{display:inline-block}<\/style>\t\t\t\t<h4>Erik Horst Schr\u00f8der<\/h4><p><strong>CEO<\/strong><\/p>\t\t\t\t\t\t<\/div>\n\t\t\t\t<\/div>\n\t\t\t\t<div class=\"elementor-element elementor-element-5ee5042 elementor-icon-list--layout-traditional elementor-list-item-link-full_width elementor-widget elementor-widget-icon-list\" data-id=\"5ee5042\" data-element_type=\"widget\" data-widget_type=\"icon-list.default\">\n\t\t\t\t<div class=\"elementor-widget-container\">\n\t\t\t<link rel=\"stylesheet\" href=\"https:\/\/carnad.com\/wp-content\/plugins\/elementor\/assets\/css\/widget-icon-list.min.css\">\t\t<ul class=\"elementor-icon-list-items\">\n\t\t\t\t\t\t\t<li class=\"elementor-icon-list-item\">\n\t\t\t\t\t\t\t\t\t\t\t<a href=\"tel:+4529133540\">\n\n\t\t\t\t\t\t\t\t\t\t\t<span class=\"elementor-icon-list-text\">+45 29 13 35 40<\/span>\n\t\t\t\t\t\t\t\t\t\t\t<\/a>\n\t\t\t\t\t\t\t\t\t<\/li>\n\t\t\t\t\t\t\t\t<li class=\"elementor-icon-list-item\">\n\t\t\t\t\t\t\t\t\t\t\t<a href=\"mailto:erik@carnad.dk\">\n\n\t\t\t\t\t\t\t\t\t\t\t<span class=\"elementor-icon-list-text\">erik@carnad.dk<\/span>\n\t\t\t\t\t\t\t\t\t\t\t<\/a>\n\t\t\t\t\t\t\t\t\t<\/li>\n\t\t\t\t\t\t<\/ul>\n\t\t\t\t<\/div>\n\t\t\t\t<\/div>\n\t\t\t\t\t<\/div>\n\t\t<\/div>\n\t\t\t\t<div class=\"elementor-column elementor-col-33 elementor-inner-column elementor-element elementor-element-c162ada\" data-id=\"c162ada\" data-element_type=\"column\">\n\t\t\t<div class=\"elementor-widget-wrap\">\n\t\t\t\t\t\t\t\t\t<\/div>\n\t\t<\/div>\n\t\t\t\t\t\t\t<\/div>\n\t\t<\/section>\n\t\t\t\t\t<\/div>\n\t\t<\/div>\n\t\t\t\t\t\t\t<\/div>\n\t\t<\/section>\n\t\t\t\t<section class=\"elementor-section elementor-top-section elementor-element elementor-element-ebc2046 elementor-section-boxed elementor-section-height-default elementor-section-height-default\" data-id=\"ebc2046\" data-element_type=\"section\">\n\t\t\t\t\t\t<div class=\"elementor-container elementor-column-gap-default\">\n\t\t\t\t\t\t\t\t<\/div>\n\t\t<\/section>\n\t\t\t\t\t\t\t<\/div>\n\t\t","protected":false},"excerpt":{"rendered":"<p>Presse For pressesp\u00f8rgsm\u00e5l kontaktes Erik Horst Schr\u00f8der CEO +45 29 13 35 40 erik@carnad.dk<\/p>\n","protected":false},"author":1,"featured_media":0,"parent":0,"menu_order":0,"comment_status":"closed","ping_status":"closed","template":"","meta":{"footnotes":""},"class_list":["post-1843","page","type-page","status-publish","hentry"],"acf":[],"yoast_head":"<!-- This site is optimized with the Yoast SEO plugin v20.3 - https:\/\/yoast.com\/wordpress\/plugins\/seo\/ -->\n<title>Carnad - Presse og pressemeddelelser<\/title>\n<meta name=\"description\" content=\"Find alle pressemeddelelser og pressed\u00e6kning fra Carnad p\u00e5 denne side. For pressesp\u00f8rgsm\u00e5l kontakt Johnny Koch +45 41 32 24 24 90.\" \/>\n<meta name=\"robots\" content=\"index, follow, max-snippet:-1, max-image-preview:large, max-video-preview:-1\" \/>\n<link rel=\"canonical\" href=\"https:\/\/carnad.com\/da\/presse\/\" \/>\n<meta property=\"og:locale\" content=\"da_DK\" \/>\n<meta property=\"og:type\" content=\"article\" \/>\n<meta property=\"og:title\" content=\"Carnad - Presse og pressemeddelelser\" \/>\n<meta property=\"og:description\" content=\"Find alle pressemeddelelser og pressed\u00e6kning fra Carnad p\u00e5 denne side. For pressesp\u00f8rgsm\u00e5l kontakt Johnny Koch +45 41 32 24 24 90.\" \/>\n<meta property=\"og:url\" content=\"https:\/\/carnad.com\/da\/presse\/\" \/>\n<meta property=\"og:site_name\" content=\"Carnad\" \/>\n<meta property=\"article:modified_time\" content=\"2024-02-15T13:46:07+00:00\" \/>\n<meta property=\"og:image\" content=\"https:\/\/carnad.com\/wp-content\/uploads\/2022\/11\/erik.jpg\" \/>\n<meta name=\"twitter:card\" content=\"summary_large_image\" \/>\n<meta name=\"twitter:label1\" content=\"Estimeret l\u00e6setid\" \/>\n\t<meta name=\"twitter:data1\" content=\"1 minut\" \/>\n<script type=\"application\/ld+json\" class=\"yoast-schema-graph\">{\"@context\":\"https:\/\/schema.org\",\"@graph\":[{\"@type\":\"WebPage\",\"@id\":\"https:\/\/carnad.com\/da\/presse\/\",\"url\":\"https:\/\/carnad.com\/da\/presse\/\",\"name\":\"Carnad - Presse og pressemeddelelser\",\"isPartOf\":{\"@id\":\"https:\/\/carnad.com\/da\/#website\"},\"datePublished\":\"2022-11-28T13:40:24+00:00\",\"dateModified\":\"2024-02-15T13:46:07+00:00\",\"description\":\"Find alle pressemeddelelser og pressed\u00e6kning fra Carnad p\u00e5 denne side. For pressesp\u00f8rgsm\u00e5l kontakt Johnny Koch +45 41 32 24 24 90.\",\"breadcrumb\":{\"@id\":\"https:\/\/carnad.com\/da\/presse\/#breadcrumb\"},\"inLanguage\":\"da-DK\",\"potentialAction\":[{\"@type\":\"ReadAction\",\"target\":[\"https:\/\/carnad.com\/da\/presse\/\"]}]},{\"@type\":\"BreadcrumbList\",\"@id\":\"https:\/\/carnad.com\/da\/presse\/#breadcrumb\",\"itemListElement\":[{\"@type\":\"ListItem\",\"position\":1,\"name\":\"Home\",\"item\":\"https:\/\/carnad.com\/da\/\"},{\"@type\":\"ListItem\",\"position\":2,\"name\":\"Presse\"}]},{\"@type\":\"WebSite\",\"@id\":\"https:\/\/carnad.com\/da\/#website\",\"url\":\"https:\/\/carnad.com\/da\/\",\"name\":\"Carnad\",\"description\":\"A natural product\",\"publisher\":{\"@id\":\"https:\/\/carnad.com\/da\/#organization\"},\"potentialAction\":[{\"@type\":\"SearchAction\",\"target\":{\"@type\":\"EntryPoint\",\"urlTemplate\":\"https:\/\/carnad.com\/da\/?s={search_term_string}\"},\"query-input\":\"required name=search_term_string\"}],\"inLanguage\":\"da-DK\"},{\"@type\":\"Organization\",\"@id\":\"https:\/\/carnad.com\/da\/#organization\",\"name\":\"Carnad\",\"url\":\"https:\/\/carnad.com\/da\/\",\"logo\":{\"@type\":\"ImageObject\",\"inLanguage\":\"da-DK\",\"@id\":\"https:\/\/carnad.com\/da\/#\/schema\/logo\/image\/\",\"url\":\"https:\/\/carnad.com\/wp-content\/uploads\/2022\/11\/Aktiv-1@4x.png\",\"contentUrl\":\"https:\/\/carnad.com\/wp-content\/uploads\/2022\/11\/Aktiv-1@4x.png\",\"width\":445,\"height\":44,\"caption\":\"Carnad\"},\"image\":{\"@id\":\"https:\/\/carnad.com\/da\/#\/schema\/logo\/image\/\"}}]}<\/script>\n<!-- \/ Yoast SEO plugin. -->","yoast_head_json":{"title":"Carnad - Presse og pressemeddelelser","description":"Find alle pressemeddelelser og pressed\u00e6kning fra Carnad p\u00e5 denne side. For pressesp\u00f8rgsm\u00e5l kontakt Johnny Koch +45 41 32 24 24 90.","robots":{"index":"index","follow":"follow","max-snippet":"max-snippet:-1","max-image-preview":"max-image-preview:large","max-video-preview":"max-video-preview:-1"},"canonical":"https:\/\/carnad.com\/da\/presse\/","og_locale":"da_DK","og_type":"article","og_title":"Carnad - Presse og pressemeddelelser","og_description":"Find alle pressemeddelelser og pressed\u00e6kning fra Carnad p\u00e5 denne side. For pressesp\u00f8rgsm\u00e5l kontakt Johnny Koch +45 41 32 24 24 90.","og_url":"https:\/\/carnad.com\/da\/presse\/","og_site_name":"Carnad","article_modified_time":"2024-02-15T13:46:07+00:00","og_image":[{"url":"https:\/\/carnad.com\/wp-content\/uploads\/2022\/11\/erik.jpg"}],"twitter_card":"summary_large_image","twitter_misc":{"Estimeret l\u00e6setid":"1 minut"},"schema":{"@context":"https:\/\/schema.org","@graph":[{"@type":"WebPage","@id":"https:\/\/carnad.com\/da\/presse\/","url":"https:\/\/carnad.com\/da\/presse\/","name":"Carnad - Presse og pressemeddelelser","isPartOf":{"@id":"https:\/\/carnad.com\/da\/#website"},"datePublished":"2022-11-28T13:40:24+00:00","dateModified":"2024-02-15T13:46:07+00:00","description":"Find alle pressemeddelelser og pressed\u00e6kning fra Carnad p\u00e5 denne side. For pressesp\u00f8rgsm\u00e5l kontakt Johnny Koch +45 41 32 24 24 90.","breadcrumb":{"@id":"https:\/\/carnad.com\/da\/presse\/#breadcrumb"},"inLanguage":"da-DK","potentialAction":[{"@type":"ReadAction","target":["https:\/\/carnad.com\/da\/presse\/"]}]},{"@type":"BreadcrumbList","@id":"https:\/\/carnad.com\/da\/presse\/#breadcrumb","itemListElement":[{"@type":"ListItem","position":1,"name":"Home","item":"https:\/\/carnad.com\/da\/"},{"@type":"ListItem","position":2,"name":"Presse"}]},{"@type":"WebSite","@id":"https:\/\/carnad.com\/da\/#website","url":"https:\/\/carnad.com\/da\/","name":"Carnad","description":"A natural product","publisher":{"@id":"https:\/\/carnad.com\/da\/#organization"},"potentialAction":[{"@type":"SearchAction","target":{"@type":"EntryPoint","urlTemplate":"https:\/\/carnad.com\/da\/?s={search_term_string}"},"query-input":"required name=search_term_string"}],"inLanguage":"da-DK"},{"@type":"Organization","@id":"https:\/\/carnad.com\/da\/#organization","name":"Carnad","url":"https:\/\/carnad.com\/da\/","logo":{"@type":"ImageObject","inLanguage":"da-DK","@id":"https:\/\/carnad.com\/da\/#\/schema\/logo\/image\/","url":"https:\/\/carnad.com\/wp-content\/uploads\/2022\/11\/Aktiv-1@4x.png","contentUrl":"https:\/\/carnad.com\/wp-content\/uploads\/2022\/11\/Aktiv-1@4x.png","width":445,"height":44,"caption":"Carnad"},"image":{"@id":"https:\/\/carnad.com\/da\/#\/schema\/logo\/image\/"}}]}},"_links":{"self":[{"href":"https:\/\/carnad.com\/da\/wp-json\/wp\/v2\/pages\/1843","targetHints":{"allow":["GET"]}}],"collection":[{"href":"https:\/\/carnad.com\/da\/wp-json\/wp\/v2\/pages"}],"about":[{"href":"https:\/\/carnad.com\/da\/wp-json\/wp\/v2\/types\/page"}],"author":[{"embeddable":true,"href":"https:\/\/carnad.com\/da\/wp-json\/wp\/v2\/users\/1"}],"replies":[{"embeddable":true,"href":"https:\/\/carnad.com\/da\/wp-json\/wp\/v2\/comments?post=1843"}],"version-history":[{"count":11,"href":"https:\/\/carnad.com\/da\/wp-json\/wp\/v2\/pages\/1843\/revisions"}],"predecessor-version":[{"id":2711,"href":"https:\/\/carnad.com\/da\/wp-json\/wp\/v2\/pages\/1843\/revisions\/2711"}],"wp:attachment":[{"href":"https:\/\/carnad.com\/da\/wp-json\/wp\/v2\/media?parent=1843"}],"curies":[{"name":"wp","href":"https:\/\/api.w.org\/{rel}","templated":true}]}}