{"id":1857,"date":"2022-11-25T09:33:51","date_gmt":"2022-11-25T09:33:51","guid":{"rendered":"https:\/\/carnad.kompas360.dk\/brugervejledning\/"},"modified":"2023-01-11T11:09:51","modified_gmt":"2023-01-11T11:09:51","slug":"brugervejledning","status":"publish","type":"page","link":"https:\/\/carnad.com\/da\/brugervejledning\/","title":{"rendered":"Brugervejledning"},"content":{"rendered":"\t\t<div data-elementor-type=\"wp-page\" data-elementor-id=\"1857\" class=\"elementor elementor-1857 elementor-437\">\n\t\t\t\t\t\t\t\t\t<section class=\"elementor-section elementor-top-section elementor-element elementor-element-1368e62 elementor-section-full_width elementor-section-height-min-height elementor-section-height-default elementor-section-items-middle\" data-id=\"1368e62\" data-element_type=\"section\" data-settings=\"{&quot;background_background&quot;:&quot;classic&quot;}\">\n\t\t\t\t\t\t\t<div class=\"elementor-background-overlay\"><\/div>\n\t\t\t\t\t\t\t<div class=\"elementor-container elementor-column-gap-default\">\n\t\t\t\t\t<div class=\"elementor-column elementor-col-100 elementor-top-column elementor-element elementor-element-ce76ce2\" data-id=\"ce76ce2\" data-element_type=\"column\">\n\t\t\t<div class=\"elementor-widget-wrap elementor-element-populated\">\n\t\t\t\t\t\t\t\t<div class=\"elementor-element elementor-element-3430a05 elementor-widget elementor-widget-heading\" data-id=\"3430a05\" data-element_type=\"widget\" data-widget_type=\"heading.default\">\n\t\t\t\t<div class=\"elementor-widget-container\">\n\t\t\t<style>\/*! elementor - v3.11.5 - 14-03-2023 *\/\n.elementor-heading-title{padding:0;margin:0;line-height:1}.elementor-widget-heading .elementor-heading-title[class*=elementor-size-]>a{color:inherit;font-size:inherit;line-height:inherit}.elementor-widget-heading .elementor-heading-title.elementor-size-small{font-size:15px}.elementor-widget-heading .elementor-heading-title.elementor-size-medium{font-size:19px}.elementor-widget-heading .elementor-heading-title.elementor-size-large{font-size:29px}.elementor-widget-heading .elementor-heading-title.elementor-size-xl{font-size:39px}.elementor-widget-heading .elementor-heading-title.elementor-size-xxl{font-size:59px}<\/style><h1 class=\"elementor-heading-title elementor-size-default\">Brugervejledning<\/h1>\t\t<\/div>\n\t\t\t\t<\/div>\n\t\t\t\t<div class=\"elementor-element elementor-element-96ff35a elementor-widget__width-initial elementor-widget elementor-widget-text-editor\" data-id=\"96ff35a\" data-element_type=\"widget\" data-widget_type=\"text-editor.default\">\n\t\t\t\t<div class=\"elementor-widget-container\">\n\t\t\t<style>\/*! elementor - v3.11.5 - 14-03-2023 *\/\n.elementor-widget-text-editor.elementor-drop-cap-view-stacked .elementor-drop-cap{background-color:#818a91;color:#fff}.elementor-widget-text-editor.elementor-drop-cap-view-framed .elementor-drop-cap{color:#818a91;border:3px solid;background-color:transparent}.elementor-widget-text-editor:not(.elementor-drop-cap-view-default) .elementor-drop-cap{margin-top:8px}.elementor-widget-text-editor:not(.elementor-drop-cap-view-default) .elementor-drop-cap-letter{width:1em;height:1em}.elementor-widget-text-editor .elementor-drop-cap{float:left;text-align:center;line-height:1;font-size:50px}.elementor-widget-text-editor .elementor-drop-cap-letter{display:inline-block}<\/style>\t\t\t\t<p>S\u00e5dan tester du en kokumi-smagningsforst\u00e6rker. Vores produkter er ikke som andre p\u00e5 markedet.<\/p>\n\t\t\t\t\t\t<\/div>\n\t\t\t\t<\/div>\n\t\t\t\t\t<\/div>\n\t\t<\/div>\n\t\t\t\t\t\t\t<\/div>\n\t\t<\/section>\n\t\t\t\t<section class=\"elementor-section elementor-top-section elementor-element elementor-element-07a3638 elementor-section-full_width elementor-section-height-default elementor-section-height-default\" data-id=\"07a3638\" data-element_type=\"section\" data-settings=\"{&quot;background_background&quot;:&quot;classic&quot;}\">\n\t\t\t\t\t\t<div class=\"elementor-container elementor-column-gap-default\">\n\t\t\t\t\t<div class=\"elementor-column elementor-col-50 elementor-top-column elementor-element elementor-element-b111063\" data-id=\"b111063\" data-element_type=\"column\" data-settings=\"{&quot;background_background&quot;:&quot;classic&quot;}\">\n\t\t\t<div class=\"elementor-widget-wrap elementor-element-populated\">\n\t\t\t\t\t\t\t\t<div class=\"elementor-element elementor-element-bdf1541 elementor-widget elementor-widget-heading\" data-id=\"bdf1541\" data-element_type=\"widget\" data-widget_type=\"heading.default\">\n\t\t\t\t<div class=\"elementor-widget-container\">\n\t\t\t<h2 class=\"elementor-heading-title elementor-size-default\">Vejledning til evaluering af Carnad-produkter<\/h2>\t\t<\/div>\n\t\t\t\t<\/div>\n\t\t\t\t<div class=\"elementor-element elementor-element-3c6d3c6 elementor-widget__width-initial elementor-widget elementor-widget-text-editor\" data-id=\"3c6d3c6\" data-element_type=\"widget\" data-widget_type=\"text-editor.default\">\n\t\t\t\t<div class=\"elementor-widget-container\">\n\t\t\t\t\t\t\t<p>Carnad-produkter tilf\u00f8jer en 100 % naturlig Umami-smag til din mad. Og de vil samtidig g\u00f8re det muligt for dig at erstatte kunstige tils\u00e6tningsstoffer. MSG, g\u00e6rekstrakt, aromaer og kan reducere behovet for salt.<\/p>\n<p>I dag anvendes Carnad-produkter i mange forskellige f\u00f8devareapplikationer. Det kan v\u00e6re supper, ekstrakter\/saft\/fond, bouillon, f\u00e6rdigretter, marineret k\u00f8d som kyllingefilet og svinefilet, p\u00f8lser, k\u00f8dboller, hamburgere og p\u00e5l\u00e6g. Carnad-produkter kan bruges i alle f\u00f8devarer, hvor du har brug for en omkostningseffektiv Umami-smag.<\/p>\n<p><strong>For at vurdere Carnad-produkter skal du f\u00f8lge denne 3-trins vejledning:<\/strong><\/p>\n<ol>\n<li>Dette er dit referenceprodukt &#8211; et af dine standardprodukter med et indhold af en eller flere af f\u00f8lgende ingredienser: MSG, g\u00e6r ekstrakter eller kunstig aroma.<\/li>\n<li>Denne pr\u00f8ve er din pr\u00f8ve 1, hvor du tils\u00e6tter 1 % Carnads-ekstrakt\/stock\/juice.<\/li>\n<li>Denne pr\u00f8ve er din pr\u00f8ve 2, hvor du tils\u00e6tter 2 % Carnads-ekstrakt\/stock\/juice.<\/li>\n<\/ol>\n<p>Normalt vil du kunne smage en unik Umami-smag i pr\u00f8ve 2. Umami-smagen giver dig en behagelig rund, mild og mundfyldende smag, som vil d\u00e6kke hele din mund i et stykke tid.<\/p>\n<p>Efter den f\u00f8rste evaluering skal du sandsynligvis foretage en justering af dosis til din endelige anvendelse.<\/p>\n<p>Bem\u00e6rk venligst, at Carnads-produkter kun best\u00e5r af 100 % naturligt muskelprotein og en lille m\u00e6ngde salt. Men ingen protein fra knogler og v\u00e6v.<\/p>\n\t\t\t\t\t\t<\/div>\n\t\t\t\t<\/div>\n\t\t\t\t\t<\/div>\n\t\t<\/div>\n\t\t\t\t<div class=\"elementor-column elementor-col-50 elementor-top-column elementor-element elementor-element-a9ee605\" data-id=\"a9ee605\" data-element_type=\"column\" data-settings=\"{&quot;background_background&quot;:&quot;classic&quot;}\">\n\t\t\t<div class=\"elementor-widget-wrap elementor-element-populated\">\n\t\t\t\t\t\t\t\t<div class=\"elementor-element elementor-element-896062b elementor-hidden-desktop elementor-widget elementor-widget-image\" data-id=\"896062b\" data-element_type=\"widget\" data-widget_type=\"image.default\">\n\t\t\t\t<div class=\"elementor-widget-container\">\n\t\t\t<style>\/*! elementor - v3.11.5 - 14-03-2023 *\/\n.elementor-widget-image{text-align:center}.elementor-widget-image a{display:inline-block}.elementor-widget-image a img[src$=\".svg\"]{width:48px}.elementor-widget-image img{vertical-align:middle;display:inline-block}<\/style>\t\t\t\t\t\t\t\t\t\t\t\t<img loading=\"lazy\" decoding=\"async\" width=\"800\" height=\"534\" src=\"https:\/\/carnad.com\/wp-content\/uploads\/2022\/11\/topbillede_umami-1024x684.jpg\" class=\"attachment-large size-large wp-image-1664\" alt=\"\" srcset=\"https:\/\/carnad.com\/wp-content\/uploads\/2022\/11\/topbillede_umami-1024x684.jpg 1024w, https:\/\/carnad.com\/wp-content\/uploads\/2022\/11\/topbillede_umami-300x200.jpg 300w, https:\/\/carnad.com\/wp-content\/uploads\/2022\/11\/topbillede_umami-768x513.jpg 768w, https:\/\/carnad.com\/wp-content\/uploads\/2022\/11\/topbillede_umami-1536x1026.jpg 1536w, https:\/\/carnad.com\/wp-content\/uploads\/2022\/11\/topbillede_umami.jpg 1920w\" sizes=\"auto, (max-width: 800px) 100vw, 800px\" \/>\t\t\t\t\t\t\t\t\t\t\t\t\t\t\t<\/div>\n\t\t\t\t<\/div>\n\t\t\t\t\t<\/div>\n\t\t<\/div>\n\t\t\t\t\t\t\t<\/div>\n\t\t<\/section>\n\t\t\t\t<section class=\"elementor-section elementor-top-section elementor-element elementor-element-e28fa0d elementor-section-full_width elementor-section-height-default elementor-section-height-default\" data-id=\"e28fa0d\" data-element_type=\"section\" data-settings=\"{&quot;background_background&quot;:&quot;classic&quot;}\">\n\t\t\t\t\t\t<div class=\"elementor-container elementor-column-gap-default\">\n\t\t\t\t\t<div class=\"elementor-column elementor-col-50 elementor-top-column elementor-element elementor-element-929fb89\" data-id=\"929fb89\" data-element_type=\"column\" data-settings=\"{&quot;background_background&quot;:&quot;classic&quot;}\">\n\t\t\t<div class=\"elementor-widget-wrap elementor-element-populated\">\n\t\t\t\t\t\t\t\t<div class=\"elementor-element elementor-element-32cfd66 elementor-widget elementor-widget-heading\" data-id=\"32cfd66\" data-element_type=\"widget\" data-widget_type=\"heading.default\">\n\t\t\t\t<div class=\"elementor-widget-container\">\n\t\t\t<h2 class=\"elementor-heading-title elementor-size-default\">Vejledning om dosering<\/h2>\t\t<\/div>\n\t\t\t\t<\/div>\n\t\t\t\t<div class=\"elementor-element elementor-element-a3a0a80 elementor-widget__width-initial elementor-widget elementor-widget-text-editor\" data-id=\"a3a0a80\" data-element_type=\"widget\" data-widget_type=\"text-editor.default\">\n\t\t\t\t<div class=\"elementor-widget-container\">\n\t\t\t\t\t\t\t<p>N\u00e5r du anvender Carnad-produkter, kan du bruge denne tommelfingerregel:<\/p>\n<p><strong>Pulverprodukter b\u00f8r udg\u00f8re 0,3-0,5 % af retten. <\/strong><\/p>\n<p>Hvis du f.eks. anvender Kokumi-pulver til 100 g oksek\u00f8d, skal du bruge 0,5 g pulver.<\/p>\n<p><strong>Flydende produkter b\u00f8r udg\u00f8re 1 % af retten.<\/strong><\/p>\n\t\t\t\t\t\t<\/div>\n\t\t\t\t<\/div>\n\t\t\t\t\t<\/div>\n\t\t<\/div>\n\t\t\t\t<div class=\"elementor-column elementor-col-50 elementor-top-column elementor-element elementor-element-6cc0df5\" data-id=\"6cc0df5\" data-element_type=\"column\" data-settings=\"{&quot;background_background&quot;:&quot;classic&quot;}\">\n\t\t\t<div class=\"elementor-widget-wrap elementor-element-populated\">\n\t\t\t\t\t\t\t\t<div class=\"elementor-element elementor-element-929475f elementor-widget elementor-widget-heading\" data-id=\"929475f\" data-element_type=\"widget\" data-widget_type=\"heading.default\">\n\t\t\t\t<div class=\"elementor-widget-container\">\n\t\t\t<h2 class=\"elementor-heading-title elementor-size-default\">Umami-smag<\/h2>\t\t<\/div>\n\t\t\t\t<\/div>\n\t\t\t\t<div class=\"elementor-element elementor-element-dbd6284 elementor-widget__width-initial elementor-widget elementor-widget-text-editor\" data-id=\"dbd6284\" data-element_type=\"widget\" data-widget_type=\"text-editor.default\">\n\t\t\t\t<div class=\"elementor-widget-container\">\n\t\t\t\t\t\t\t<p>Carnad-produkter er erstatninger for MSG, g\u00e6rekstrakter, HVP og aroma. Tilf\u00f8j Carnads rene, naturlige k\u00f8dprotein til din f\u00f8devareapplikation og giv din mad en mere afbalanceret umamiprofil.<\/p>\n<p>Alle Carnad-produkter er Clean Label-ingredienser.<\/p>\n\t\t\t\t\t\t<\/div>\n\t\t\t\t<\/div>\n\t\t\t\t\t<\/div>\n\t\t<\/div>\n\t\t\t\t\t\t\t<\/div>\n\t\t<\/section>\n\t\t\t\t<section class=\"elementor-section elementor-top-section elementor-element elementor-element-6d7fd577 elementor-section-full_width elementor-section-height-default elementor-section-height-default\" data-id=\"6d7fd577\" data-element_type=\"section\" data-settings=\"{&quot;background_background&quot;:&quot;classic&quot;}\">\n\t\t\t\t\t\t<div class=\"elementor-container elementor-column-gap-default\">\n\t\t\t\t\t<div class=\"elementor-column elementor-col-100 elementor-top-column elementor-element elementor-element-e2d05d0\" data-id=\"e2d05d0\" data-element_type=\"column\" data-settings=\"{&quot;background_background&quot;:&quot;classic&quot;}\">\n\t\t\t<div class=\"elementor-widget-wrap elementor-element-populated\">\n\t\t\t\t\t\t\t\t<div class=\"elementor-element elementor-element-100ccf4b elementor-widget-divider--separator-type-pattern elementor-widget-divider--view-line elementor-widget elementor-widget-divider\" data-id=\"100ccf4b\" data-element_type=\"widget\" data-widget_type=\"divider.default\">\n\t\t\t\t<div class=\"elementor-widget-container\">\n\t\t\t<style>\/*! elementor - v3.11.5 - 14-03-2023 *\/\n.elementor-widget-divider{--divider-border-style:none;--divider-border-width:1px;--divider-color:#2c2c2c;--divider-icon-size:20px;--divider-element-spacing:10px;--divider-pattern-height:24px;--divider-pattern-size:20px;--divider-pattern-url:none;--divider-pattern-repeat:repeat-x}.elementor-widget-divider .elementor-divider{display:flex}.elementor-widget-divider .elementor-divider__text{font-size:15px;line-height:1;max-width:95%}.elementor-widget-divider .elementor-divider__element{margin:0 var(--divider-element-spacing);flex-shrink:0}.elementor-widget-divider .elementor-icon{font-size:var(--divider-icon-size)}.elementor-widget-divider .elementor-divider-separator{display:flex;margin:0;direction:ltr}.elementor-widget-divider--view-line_icon .elementor-divider-separator,.elementor-widget-divider--view-line_text .elementor-divider-separator{align-items:center}.elementor-widget-divider--view-line_icon .elementor-divider-separator:after,.elementor-widget-divider--view-line_icon .elementor-divider-separator:before,.elementor-widget-divider--view-line_text .elementor-divider-separator:after,.elementor-widget-divider--view-line_text .elementor-divider-separator:before{display:block;content:\"\";border-bottom:0;flex-grow:1;border-top:var(--divider-border-width) var(--divider-border-style) var(--divider-color)}.elementor-widget-divider--element-align-left .elementor-divider .elementor-divider-separator>.elementor-divider__svg:first-of-type{flex-grow:0;flex-shrink:100}.elementor-widget-divider--element-align-left .elementor-divider-separator:before{content:none}.elementor-widget-divider--element-align-left .elementor-divider__element{margin-left:0}.elementor-widget-divider--element-align-right .elementor-divider .elementor-divider-separator>.elementor-divider__svg:last-of-type{flex-grow:0;flex-shrink:100}.elementor-widget-divider--element-align-right .elementor-divider-separator:after{content:none}.elementor-widget-divider--element-align-right .elementor-divider__element{margin-right:0}.elementor-widget-divider:not(.elementor-widget-divider--view-line_text):not(.elementor-widget-divider--view-line_icon) .elementor-divider-separator{border-top:var(--divider-border-width) var(--divider-border-style) var(--divider-color)}.elementor-widget-divider--separator-type-pattern{--divider-border-style:none}.elementor-widget-divider--separator-type-pattern.elementor-widget-divider--view-line .elementor-divider-separator,.elementor-widget-divider--separator-type-pattern:not(.elementor-widget-divider--view-line) .elementor-divider-separator:after,.elementor-widget-divider--separator-type-pattern:not(.elementor-widget-divider--view-line) .elementor-divider-separator:before,.elementor-widget-divider--separator-type-pattern:not([class*=elementor-widget-divider--view]) .elementor-divider-separator{width:100%;min-height:var(--divider-pattern-height);-webkit-mask-size:var(--divider-pattern-size) 100%;mask-size:var(--divider-pattern-size) 100%;-webkit-mask-repeat:var(--divider-pattern-repeat);mask-repeat:var(--divider-pattern-repeat);background-color:var(--divider-color);-webkit-mask-image:var(--divider-pattern-url);mask-image:var(--divider-pattern-url)}.elementor-widget-divider--no-spacing{--divider-pattern-size:auto}.elementor-widget-divider--bg-round{--divider-pattern-repeat:round}.rtl .elementor-widget-divider .elementor-divider__text{direction:rtl}.e-con-inner>.elementor-widget-divider,.e-con>.elementor-widget-divider{width:var(--container-widget-width,100%);--flex-grow:var(--container-widget-flex-grow)}<\/style>\t\t<div class=\"elementor-divider\" style=\"--divider-pattern-url: url(&quot;data:image\/svg+xml,%3Csvg xmlns=&#039;http:\/\/www.w3.org\/2000\/svg&#039; preserveAspectRatio=&#039;none&#039; overflow=&#039;visible&#039; height=&#039;100%&#039; viewBox=&#039;0 0 20 16&#039; fill=&#039;none&#039; stroke=&#039;black&#039; stroke-width=&#039;2.5&#039; stroke-linecap=&#039;square&#039; stroke-miterlimit=&#039;10&#039;%3E%3Cg transform=&#039;translate(-12.000000, 0)&#039;%3E%3Cpath d=&#039;M28,0L10,18&#039;\/%3E%3Cpath d=&#039;M18,0L0,18&#039;\/%3E%3Cpath d=&#039;M48,0L30,18&#039;\/%3E%3Cpath d=&#039;M38,0L20,18&#039;\/%3E%3C\/g%3E%3C\/svg%3E&quot;);\">\n\t\t\t<span class=\"elementor-divider-separator\">\n\t\t\t\t\t\t<\/span>\n\t\t<\/div>\n\t\t\t\t<\/div>\n\t\t\t\t<\/div>\n\t\t\t\t<div class=\"elementor-element elementor-element-7ae3c7a5 elementor-widget elementor-widget-heading\" data-id=\"7ae3c7a5\" data-element_type=\"widget\" data-widget_type=\"heading.default\">\n\t\t\t\t<div class=\"elementor-widget-container\">\n\t\t\t<h2 class=\"elementor-heading-title elementor-size-default\">Har du nogen sp\u00f8rgsm\u00e5l?<\/h2>\t\t<\/div>\n\t\t\t\t<\/div>\n\t\t\t\t<div class=\"elementor-element elementor-element-1355b673 elementor-widget__width-initial elementor-widget elementor-widget-text-editor\" data-id=\"1355b673\" data-element_type=\"widget\" data-widget_type=\"text-editor.default\">\n\t\t\t\t<div class=\"elementor-widget-container\">\n\t\t\t\t\t\t\t<p>Hvis du p\u00e5 noget tidspunkt har yderligere sp\u00f8rgsm\u00e5l, skal du ikke t\u00f8ve med at kontakte Carnad for at f\u00e5 hj\u00e6lp. Vi hj\u00e6lper dig gerne med at l\u00e6re vores produkter bedre at kende.<\/p>\n\t\t\t\t\t\t<\/div>\n\t\t\t\t<\/div>\n\t\t\t\t<div class=\"elementor-element elementor-element-1f10ad57 elementor-align-center elementor-widget elementor-widget-button\" data-id=\"1f10ad57\" data-element_type=\"widget\" data-widget_type=\"button.default\">\n\t\t\t\t<div class=\"elementor-widget-container\">\n\t\t\t\t\t<div class=\"elementor-button-wrapper\">\n\t\t\t<a href=\"https:\/\/carnad.com\/da\/kontakt\/\" class=\"elementor-button-link elementor-button elementor-size-sm elementor-animation-grow\" role=\"button\">\n\t\t\t\t\t\t<span class=\"elementor-button-content-wrapper\">\n\t\t\t\t\t\t\t<span class=\"elementor-button-icon elementor-align-icon-right\">\n\t\t\t\t<i aria-hidden=\"true\" class=\"fas fa-long-arrow-alt-right\"><\/i>\t\t\t<\/span>\n\t\t\t\t\t\t<span class=\"elementor-button-text\">Kontakt os<\/span>\n\t\t<\/span>\n\t\t\t\t\t<\/a>\n\t\t<\/div>\n\t\t\t\t<\/div>\n\t\t\t\t<\/div>\n\t\t\t\t\t<\/div>\n\t\t<\/div>\n\t\t\t\t\t\t\t<\/div>\n\t\t<\/section>\n\t\t\t\t\t\t\t<\/div>\n\t\t","protected":false},"excerpt":{"rendered":"<p>Brugervejledning S\u00e5dan tester du en kokumi-smagningsforst\u00e6rker. Vores produkter er ikke som andre p\u00e5 markedet. Vejledning til evaluering af Carnad-produkter Carnad-produkter tilf\u00f8jer en 100 % naturlig Umami-smag til din mad. Og de vil samtidig g\u00f8re det muligt for dig at erstatte kunstige tils\u00e6tningsstoffer. MSG, g\u00e6rekstrakt, aromaer og kan reducere behovet for salt. I dag anvendes Carnad-produkter [&hellip;]<\/p>\n","protected":false},"author":1,"featured_media":0,"parent":0,"menu_order":0,"comment_status":"closed","ping_status":"closed","template":"","meta":{"footnotes":""},"class_list":["post-1857","page","type-page","status-publish","hentry"],"acf":[],"yoast_head":"<!-- This site is optimized with the Yoast SEO plugin v20.3 - https:\/\/yoast.com\/wordpress\/plugins\/seo\/ -->\n<title>Brugervejledning - Carnad - En 3-trins guide til evaluering af Carnad-produkter<\/title>\n<meta name=\"description\" content=\"3-trins guide til evaluering af Carnad-produkter: S\u00e5dan tester du en kokumi-smagningsforst\u00e6rker. Vores produkter er ikke som andre p\u00e5 markedet.\" \/>\n<meta name=\"robots\" content=\"index, follow, max-snippet:-1, max-image-preview:large, max-video-preview:-1\" \/>\n<link rel=\"canonical\" href=\"https:\/\/carnad.com\/da\/brugervejledning\/\" \/>\n<meta property=\"og:locale\" content=\"da_DK\" \/>\n<meta property=\"og:type\" content=\"article\" \/>\n<meta property=\"og:title\" content=\"Brugervejledning - Carnad - En 3-trins guide til evaluering af Carnad-produkter\" \/>\n<meta property=\"og:description\" content=\"3-trins guide til evaluering af Carnad-produkter: S\u00e5dan tester du en kokumi-smagningsforst\u00e6rker. Vores produkter er ikke som andre p\u00e5 markedet.\" \/>\n<meta property=\"og:url\" content=\"https:\/\/carnad.com\/da\/brugervejledning\/\" \/>\n<meta property=\"og:site_name\" content=\"Carnad\" \/>\n<meta property=\"article:modified_time\" content=\"2023-01-11T11:09:51+00:00\" \/>\n<meta property=\"og:image\" content=\"https:\/\/carnad.com\/wp-content\/uploads\/2022\/11\/topbillede_umami-1024x684.jpg\" \/>\n<meta name=\"twitter:card\" content=\"summary_large_image\" \/>\n<meta name=\"twitter:label1\" content=\"Estimeret l\u00e6setid\" \/>\n\t<meta name=\"twitter:data1\" content=\"3 minutter\" \/>\n<script type=\"application\/ld+json\" class=\"yoast-schema-graph\">{\"@context\":\"https:\/\/schema.org\",\"@graph\":[{\"@type\":\"WebPage\",\"@id\":\"https:\/\/carnad.com\/da\/brugervejledning\/\",\"url\":\"https:\/\/carnad.com\/da\/brugervejledning\/\",\"name\":\"Brugervejledning - Carnad - En 3-trins guide til evaluering af Carnad-produkter\",\"isPartOf\":{\"@id\":\"https:\/\/carnad.com\/da\/#website\"},\"datePublished\":\"2022-11-25T09:33:51+00:00\",\"dateModified\":\"2023-01-11T11:09:51+00:00\",\"description\":\"3-trins guide til evaluering af Carnad-produkter: S\u00e5dan tester du en kokumi-smagningsforst\u00e6rker. Vores produkter er ikke som andre p\u00e5 markedet.\",\"breadcrumb\":{\"@id\":\"https:\/\/carnad.com\/da\/brugervejledning\/#breadcrumb\"},\"inLanguage\":\"da-DK\",\"potentialAction\":[{\"@type\":\"ReadAction\",\"target\":[\"https:\/\/carnad.com\/da\/brugervejledning\/\"]}]},{\"@type\":\"BreadcrumbList\",\"@id\":\"https:\/\/carnad.com\/da\/brugervejledning\/#breadcrumb\",\"itemListElement\":[{\"@type\":\"ListItem\",\"position\":1,\"name\":\"Home\",\"item\":\"https:\/\/carnad.com\/da\/\"},{\"@type\":\"ListItem\",\"position\":2,\"name\":\"Brugervejledning\"}]},{\"@type\":\"WebSite\",\"@id\":\"https:\/\/carnad.com\/da\/#website\",\"url\":\"https:\/\/carnad.com\/da\/\",\"name\":\"Carnad\",\"description\":\"A natural product\",\"publisher\":{\"@id\":\"https:\/\/carnad.com\/da\/#organization\"},\"potentialAction\":[{\"@type\":\"SearchAction\",\"target\":{\"@type\":\"EntryPoint\",\"urlTemplate\":\"https:\/\/carnad.com\/da\/?s={search_term_string}\"},\"query-input\":\"required name=search_term_string\"}],\"inLanguage\":\"da-DK\"},{\"@type\":\"Organization\",\"@id\":\"https:\/\/carnad.com\/da\/#organization\",\"name\":\"Carnad\",\"url\":\"https:\/\/carnad.com\/da\/\",\"logo\":{\"@type\":\"ImageObject\",\"inLanguage\":\"da-DK\",\"@id\":\"https:\/\/carnad.com\/da\/#\/schema\/logo\/image\/\",\"url\":\"https:\/\/carnad.com\/wp-content\/uploads\/2022\/11\/Aktiv-1@4x.png\",\"contentUrl\":\"https:\/\/carnad.com\/wp-content\/uploads\/2022\/11\/Aktiv-1@4x.png\",\"width\":445,\"height\":44,\"caption\":\"Carnad\"},\"image\":{\"@id\":\"https:\/\/carnad.com\/da\/#\/schema\/logo\/image\/\"}}]}<\/script>\n<!-- \/ Yoast SEO plugin. -->","yoast_head_json":{"title":"Brugervejledning - Carnad - En 3-trins guide til evaluering af Carnad-produkter","description":"3-trins guide til evaluering af Carnad-produkter: S\u00e5dan tester du en kokumi-smagningsforst\u00e6rker. Vores produkter er ikke som andre p\u00e5 markedet.","robots":{"index":"index","follow":"follow","max-snippet":"max-snippet:-1","max-image-preview":"max-image-preview:large","max-video-preview":"max-video-preview:-1"},"canonical":"https:\/\/carnad.com\/da\/brugervejledning\/","og_locale":"da_DK","og_type":"article","og_title":"Brugervejledning - Carnad - En 3-trins guide til evaluering af Carnad-produkter","og_description":"3-trins guide til evaluering af Carnad-produkter: S\u00e5dan tester du en kokumi-smagningsforst\u00e6rker. Vores produkter er ikke som andre p\u00e5 markedet.","og_url":"https:\/\/carnad.com\/da\/brugervejledning\/","og_site_name":"Carnad","article_modified_time":"2023-01-11T11:09:51+00:00","og_image":[{"url":"https:\/\/carnad.com\/wp-content\/uploads\/2022\/11\/topbillede_umami-1024x684.jpg"}],"twitter_card":"summary_large_image","twitter_misc":{"Estimeret l\u00e6setid":"3 minutter"},"schema":{"@context":"https:\/\/schema.org","@graph":[{"@type":"WebPage","@id":"https:\/\/carnad.com\/da\/brugervejledning\/","url":"https:\/\/carnad.com\/da\/brugervejledning\/","name":"Brugervejledning - Carnad - En 3-trins guide til evaluering af Carnad-produkter","isPartOf":{"@id":"https:\/\/carnad.com\/da\/#website"},"datePublished":"2022-11-25T09:33:51+00:00","dateModified":"2023-01-11T11:09:51+00:00","description":"3-trins guide til evaluering af Carnad-produkter: S\u00e5dan tester du en kokumi-smagningsforst\u00e6rker. Vores produkter er ikke som andre p\u00e5 markedet.","breadcrumb":{"@id":"https:\/\/carnad.com\/da\/brugervejledning\/#breadcrumb"},"inLanguage":"da-DK","potentialAction":[{"@type":"ReadAction","target":["https:\/\/carnad.com\/da\/brugervejledning\/"]}]},{"@type":"BreadcrumbList","@id":"https:\/\/carnad.com\/da\/brugervejledning\/#breadcrumb","itemListElement":[{"@type":"ListItem","position":1,"name":"Home","item":"https:\/\/carnad.com\/da\/"},{"@type":"ListItem","position":2,"name":"Brugervejledning"}]},{"@type":"WebSite","@id":"https:\/\/carnad.com\/da\/#website","url":"https:\/\/carnad.com\/da\/","name":"Carnad","description":"A natural product","publisher":{"@id":"https:\/\/carnad.com\/da\/#organization"},"potentialAction":[{"@type":"SearchAction","target":{"@type":"EntryPoint","urlTemplate":"https:\/\/carnad.com\/da\/?s={search_term_string}"},"query-input":"required name=search_term_string"}],"inLanguage":"da-DK"},{"@type":"Organization","@id":"https:\/\/carnad.com\/da\/#organization","name":"Carnad","url":"https:\/\/carnad.com\/da\/","logo":{"@type":"ImageObject","inLanguage":"da-DK","@id":"https:\/\/carnad.com\/da\/#\/schema\/logo\/image\/","url":"https:\/\/carnad.com\/wp-content\/uploads\/2022\/11\/Aktiv-1@4x.png","contentUrl":"https:\/\/carnad.com\/wp-content\/uploads\/2022\/11\/Aktiv-1@4x.png","width":445,"height":44,"caption":"Carnad"},"image":{"@id":"https:\/\/carnad.com\/da\/#\/schema\/logo\/image\/"}}]}},"_links":{"self":[{"href":"https:\/\/carnad.com\/da\/wp-json\/wp\/v2\/pages\/1857","targetHints":{"allow":["GET"]}}],"collection":[{"href":"https:\/\/carnad.com\/da\/wp-json\/wp\/v2\/pages"}],"about":[{"href":"https:\/\/carnad.com\/da\/wp-json\/wp\/v2\/types\/page"}],"author":[{"embeddable":true,"href":"https:\/\/carnad.com\/da\/wp-json\/wp\/v2\/users\/1"}],"replies":[{"embeddable":true,"href":"https:\/\/carnad.com\/da\/wp-json\/wp\/v2\/comments?post=1857"}],"version-history":[{"count":10,"href":"https:\/\/carnad.com\/da\/wp-json\/wp\/v2\/pages\/1857\/revisions"}],"predecessor-version":[{"id":2234,"href":"https:\/\/carnad.com\/da\/wp-json\/wp\/v2\/pages\/1857\/revisions\/2234"}],"wp:attachment":[{"href":"https:\/\/carnad.com\/da\/wp-json\/wp\/v2\/media?parent=1857"}],"curies":[{"name":"wp","href":"https:\/\/api.w.org\/{rel}","templated":true}]}}