{"id":2541,"date":"2023-12-14T15:34:52","date_gmt":"2023-12-14T15:34:52","guid":{"rendered":"https:\/\/carnad.com\/rejer\/"},"modified":"2026-05-05T10:01:28","modified_gmt":"2026-05-05T10:01:28","slug":"rejer","status":"publish","type":"page","link":"https:\/\/carnad.com\/da\/rejer\/","title":{"rendered":"Rejer"},"content":{"rendered":"\t\t<div data-elementor-type=\"wp-page\" data-elementor-id=\"2541\" class=\"elementor elementor-2541 elementor-2513\">\n\t\t\t\t\t\t\t\t\t<section class=\"elementor-section elementor-top-section elementor-element elementor-element-4b8d486 elementor-section-full_width elementor-section-height-min-height elementor-section-height-default elementor-section-items-middle\" data-id=\"4b8d486\" data-element_type=\"section\" data-settings=\"{&quot;background_background&quot;:&quot;classic&quot;}\">\n\t\t\t\t\t\t\t<div class=\"elementor-background-overlay\"><\/div>\n\t\t\t\t\t\t\t<div class=\"elementor-container elementor-column-gap-default\">\n\t\t\t\t\t<div class=\"elementor-column elementor-col-100 elementor-top-column elementor-element elementor-element-2bf8ffb\" data-id=\"2bf8ffb\" data-element_type=\"column\">\n\t\t\t<div class=\"elementor-widget-wrap elementor-element-populated\">\n\t\t\t\t\t\t\t\t<div class=\"elementor-element elementor-element-2b38d1f elementor-widget elementor-widget-heading\" data-id=\"2b38d1f\" data-element_type=\"widget\" data-widget_type=\"heading.default\">\n\t\t\t\t<div class=\"elementor-widget-container\">\n\t\t\t<style>\/*! elementor - v3.11.5 - 14-03-2023 *\/\n.elementor-heading-title{padding:0;margin:0;line-height:1}.elementor-widget-heading .elementor-heading-title[class*=elementor-size-]>a{color:inherit;font-size:inherit;line-height:inherit}.elementor-widget-heading .elementor-heading-title.elementor-size-small{font-size:15px}.elementor-widget-heading .elementor-heading-title.elementor-size-medium{font-size:19px}.elementor-widget-heading .elementor-heading-title.elementor-size-large{font-size:29px}.elementor-widget-heading .elementor-heading-title.elementor-size-xl{font-size:39px}.elementor-widget-heading .elementor-heading-title.elementor-size-xxl{font-size:59px}<\/style><h1 class=\"elementor-heading-title elementor-size-default\">Rejer<\/h1>\t\t<\/div>\n\t\t\t\t<\/div>\n\t\t\t\t\t<\/div>\n\t\t<\/div>\n\t\t\t\t\t\t\t<\/div>\n\t\t<\/section>\n\t\t\t\t<section class=\"elementor-section elementor-top-section elementor-element elementor-element-87d36d0 elementor-section-full_width elementor-section-height-default elementor-section-height-default\" data-id=\"87d36d0\" data-element_type=\"section\" data-settings=\"{&quot;background_background&quot;:&quot;classic&quot;}\">\n\t\t\t\t\t\t<div class=\"elementor-container elementor-column-gap-default\">\n\t\t\t\t\t<div class=\"elementor-column elementor-col-50 elementor-top-column elementor-element elementor-element-13ef3db\" data-id=\"13ef3db\" data-element_type=\"column\" data-settings=\"{&quot;background_background&quot;:&quot;classic&quot;}\">\n\t\t\t<div class=\"elementor-widget-wrap elementor-element-populated\">\n\t\t\t\t\t\t\t\t<div class=\"elementor-element elementor-element-10c4127 elementor-widget elementor-widget-heading\" data-id=\"10c4127\" data-element_type=\"widget\" data-widget_type=\"heading.default\">\n\t\t\t\t<div class=\"elementor-widget-container\">\n\t\t\t<h2 class=\"elementor-heading-title elementor-size-default\">Hvad g\u00f8r vores rejeprodukt specielt?<\/h2>\t\t<\/div>\n\t\t\t\t<\/div>\n\t\t\t\t<div class=\"elementor-element elementor-element-e1438c6 elementor-widget__width-initial elementor-widget elementor-widget-text-editor\" data-id=\"e1438c6\" data-element_type=\"widget\" data-widget_type=\"text-editor.default\">\n\t\t\t\t<div class=\"elementor-widget-container\">\n\t\t\t<style>\/*! elementor - v3.11.5 - 14-03-2023 *\/\n.elementor-widget-text-editor.elementor-drop-cap-view-stacked .elementor-drop-cap{background-color:#818a91;color:#fff}.elementor-widget-text-editor.elementor-drop-cap-view-framed .elementor-drop-cap{color:#818a91;border:3px solid;background-color:transparent}.elementor-widget-text-editor:not(.elementor-drop-cap-view-default) .elementor-drop-cap{margin-top:8px}.elementor-widget-text-editor:not(.elementor-drop-cap-view-default) .elementor-drop-cap-letter{width:1em;height:1em}.elementor-widget-text-editor .elementor-drop-cap{float:left;text-align:center;line-height:1;font-size:50px}.elementor-widget-text-editor .elementor-drop-cap-letter{display:inline-block}<\/style>\t\t\t\t<p>Carnad Kokumi Shrimp er fremstillet 100% naturligt af den nordatlantiske koldtvandsreje (Pandalus borealis), som er kendt verden over for sin delikate, s\u00f8de smag. Koldtvandsrejer er en god proteinkilde og har et lavt fedtindhold, hvilket g\u00f8r dem til en sund og n\u00e6rende delikatesse. Rejer skal smage af rejer.<\/p>\n<p>Koldtvandsrejen findes i Nordatlanten og Det Arktiske Ocean, fra Canada til Sverige. Det kolde milj\u00f8 f\u00e5r rejerne til at vokse langsomt, hvilket er de ideelle betingelser for at udvikle deres komplekse smag og tekstur.<\/p>\n<p>Rejen har en n\u00e6sten gennemsigtig r\u00f8d skal med lange, r\u00f8de antenner p\u00e5 toppen af hovedet. De runde, sorte \u00f8jne er ledsaget af to sm\u00e5, takkede antenner p\u00e5 toppen af hovedet. Nogle gange kan rejehovedet se en smule m\u00f8rkere ud. Farven kan v\u00e6re p\u00e5virket af rejernes f\u00f8de, eller den kan v\u00e6re ved at udvikle \u00e6g til gydning. Den lidt m\u00f8rkere farve p\u00e5 skummet p\u00e5virker hverken smagen eller kvaliteten. Rejen lever n\u00e6r havbunden i bl\u00f8de og mudrede bundmilj\u00f8er p\u00e5 dybder mellem 20 og 1.400 meter.<\/p>\n<p>Med vores Carnad Kokumi Shrimp Powder kan du undg\u00e5 at bruge kunstige smagsstoffer i din mad. Alle Carnad-produkter er fremstillet 100 % naturligt. Vi behandler simpelthen br\u00e6nde ved at nedbryde det og koncentrere det til en flydende substans, som efterf\u00f8lgende t\u00f8rres til et pulver. Uden tils\u00e6tning af kunstige stoffer. Som et resultat f\u00e5r du et Clean Label-produkt med en ren smag.<\/p>\n<p>Carnad Kokumi Shrimp Powder har et h\u00f8jt naturligt indhold af omega 3, B12-vitaminer, D-vitaminer, jod og selen. Et efterspurgt produkt. Is\u00e6r p\u00e5 det asiatiske marked.<\/p>\n\t\t\t\t\t\t<\/div>\n\t\t\t\t<\/div>\n\t\t\t\t<div class=\"elementor-element elementor-element-79a5611 elementor-widget elementor-widget-heading\" data-id=\"79a5611\" data-element_type=\"widget\" data-widget_type=\"heading.default\">\n\t\t\t\t<div class=\"elementor-widget-container\">\n\t\t\t<h2 class=\"elementor-heading-title elementor-size-default\">Hvad g\u00f8r vores rejeprodukt specielt?<\/h2>\t\t<\/div>\n\t\t\t\t<\/div>\n\t\t\t\t<div class=\"elementor-element elementor-element-19f4b75 elementor-widget__width-initial elementor-widget elementor-widget-text-editor\" data-id=\"19f4b75\" data-element_type=\"widget\" data-widget_type=\"text-editor.default\">\n\t\t\t\t<div class=\"elementor-widget-container\">\n\t\t\t\t\t\t\t<p>Carnad Kokumi Shrimp Powder indeholder rene k\u00f8dproteiner uden den bitre smag fra skallerne. Og du kan nemt bruge Carnad Kokumi Shrimp Powder som hovedingrediens og smagsforst\u00e6rker, n\u00e5r du laver nye opskrifter.<\/p>\n\t\t\t\t\t\t<\/div>\n\t\t\t\t<\/div>\n\t\t\t\t\t<\/div>\n\t\t<\/div>\n\t\t\t\t<div class=\"elementor-column elementor-col-50 elementor-top-column elementor-element elementor-element-935a8c4\" data-id=\"935a8c4\" data-element_type=\"column\" data-settings=\"{&quot;background_background&quot;:&quot;classic&quot;}\">\n\t\t\t<div class=\"elementor-widget-wrap elementor-element-populated\">\n\t\t\t\t\t\t\t\t<div class=\"elementor-element elementor-element-67b96bc elementor-hidden-desktop elementor-hidden-tablet elementor-widget elementor-widget-image\" data-id=\"67b96bc\" data-element_type=\"widget\" data-widget_type=\"image.default\">\n\t\t\t\t<div class=\"elementor-widget-container\">\n\t\t\t<style>\/*! elementor - v3.11.5 - 14-03-2023 *\/\n.elementor-widget-image{text-align:center}.elementor-widget-image a{display:inline-block}.elementor-widget-image a img[src$=\".svg\"]{width:48px}.elementor-widget-image img{vertical-align:middle;display:inline-block}<\/style>\t\t\t\t\t\t\t\t\t\t\t\t<img loading=\"lazy\" decoding=\"async\" width=\"800\" height=\"534\" src=\"https:\/\/carnad.com\/wp-content\/uploads\/2023\/12\/pexels-dana-tentis-7259921-1024x683.jpg\" class=\"attachment-large size-large wp-image-2522\" alt=\"\" srcset=\"https:\/\/carnad.com\/wp-content\/uploads\/2023\/12\/pexels-dana-tentis-7259921-1024x683.jpg 1024w, https:\/\/carnad.com\/wp-content\/uploads\/2023\/12\/pexels-dana-tentis-7259921-300x200.jpg 300w, https:\/\/carnad.com\/wp-content\/uploads\/2023\/12\/pexels-dana-tentis-7259921-768x512.jpg 768w, https:\/\/carnad.com\/wp-content\/uploads\/2023\/12\/pexels-dana-tentis-7259921-1536x1024.jpg 1536w, https:\/\/carnad.com\/wp-content\/uploads\/2023\/12\/pexels-dana-tentis-7259921.jpg 1920w\" sizes=\"auto, (max-width: 800px) 100vw, 800px\" \/>\t\t\t\t\t\t\t\t\t\t\t\t\t\t\t<\/div>\n\t\t\t\t<\/div>\n\t\t\t\t\t<\/div>\n\t\t<\/div>\n\t\t\t\t\t\t\t<\/div>\n\t\t<\/section>\n\t\t\t\t\t\t\t<\/div>\n\t\t","protected":false},"excerpt":{"rendered":"<p>Rejer Hvad g\u00f8r vores rejeprodukt specielt? Carnad Kokumi Shrimp er fremstillet 100% naturligt af den nordatlantiske koldtvandsreje (Pandalus borealis), som er kendt verden over for sin delikate, s\u00f8de smag. Koldtvandsrejer er en god proteinkilde og har et lavt fedtindhold, hvilket g\u00f8r dem til en sund og n\u00e6rende delikatesse. Rejer skal smage af rejer. Koldtvandsrejen findes [&hellip;]<\/p>\n","protected":false},"author":1,"featured_media":0,"parent":0,"menu_order":0,"comment_status":"closed","ping_status":"closed","template":"","meta":{"footnotes":""},"class_list":["post-2541","page","type-page","status-publish","hentry"],"acf":[],"yoast_head":"<!-- This site is optimized with the Yoast SEO plugin v20.3 - https:\/\/yoast.com\/wordpress\/plugins\/seo\/ -->\n<title>Rejer - Carnad<\/title>\n<meta name=\"robots\" content=\"index, follow, max-snippet:-1, max-image-preview:large, max-video-preview:-1\" \/>\n<link rel=\"canonical\" href=\"https:\/\/carnad.com\/da\/rejer\/\" \/>\n<meta property=\"og:locale\" content=\"da_DK\" \/>\n<meta property=\"og:type\" content=\"article\" \/>\n<meta property=\"og:title\" content=\"Rejer - Carnad\" \/>\n<meta property=\"og:description\" content=\"Rejer Hvad g\u00f8r vores rejeprodukt specielt? Carnad Kokumi Shrimp er fremstillet 100% naturligt af den nordatlantiske koldtvandsreje (Pandalus borealis), som er kendt verden over for sin delikate, s\u00f8de smag. Koldtvandsrejer er en god proteinkilde og har et lavt fedtindhold, hvilket g\u00f8r dem til en sund og n\u00e6rende delikatesse. Rejer skal smage af rejer. Koldtvandsrejen findes [&hellip;]\" \/>\n<meta property=\"og:url\" content=\"https:\/\/carnad.com\/da\/rejer\/\" \/>\n<meta property=\"og:site_name\" content=\"Carnad\" \/>\n<meta property=\"article:modified_time\" content=\"2026-05-05T10:01:28+00:00\" \/>\n<meta property=\"og:image\" content=\"https:\/\/carnad.com\/wp-content\/uploads\/2023\/12\/pexels-dana-tentis-7259921-1024x683.jpg\" \/>\n<meta name=\"twitter:card\" content=\"summary_large_image\" \/>\n<meta name=\"twitter:label1\" content=\"Estimeret l\u00e6setid\" \/>\n\t<meta name=\"twitter:data1\" content=\"2 minutter\" \/>\n<script type=\"application\/ld+json\" class=\"yoast-schema-graph\">{\"@context\":\"https:\/\/schema.org\",\"@graph\":[{\"@type\":\"WebPage\",\"@id\":\"https:\/\/carnad.com\/da\/rejer\/\",\"url\":\"https:\/\/carnad.com\/da\/rejer\/\",\"name\":\"Rejer - Carnad\",\"isPartOf\":{\"@id\":\"https:\/\/carnad.com\/da\/#website\"},\"datePublished\":\"2023-12-14T15:34:52+00:00\",\"dateModified\":\"2026-05-05T10:01:28+00:00\",\"breadcrumb\":{\"@id\":\"https:\/\/carnad.com\/da\/rejer\/#breadcrumb\"},\"inLanguage\":\"da-DK\",\"potentialAction\":[{\"@type\":\"ReadAction\",\"target\":[\"https:\/\/carnad.com\/da\/rejer\/\"]}]},{\"@type\":\"BreadcrumbList\",\"@id\":\"https:\/\/carnad.com\/da\/rejer\/#breadcrumb\",\"itemListElement\":[{\"@type\":\"ListItem\",\"position\":1,\"name\":\"Home\",\"item\":\"https:\/\/carnad.com\/da\/\"},{\"@type\":\"ListItem\",\"position\":2,\"name\":\"Rejer\"}]},{\"@type\":\"WebSite\",\"@id\":\"https:\/\/carnad.com\/da\/#website\",\"url\":\"https:\/\/carnad.com\/da\/\",\"name\":\"Carnad\",\"description\":\"A natural product\",\"publisher\":{\"@id\":\"https:\/\/carnad.com\/da\/#organization\"},\"potentialAction\":[{\"@type\":\"SearchAction\",\"target\":{\"@type\":\"EntryPoint\",\"urlTemplate\":\"https:\/\/carnad.com\/da\/?s={search_term_string}\"},\"query-input\":\"required name=search_term_string\"}],\"inLanguage\":\"da-DK\"},{\"@type\":\"Organization\",\"@id\":\"https:\/\/carnad.com\/da\/#organization\",\"name\":\"Carnad\",\"url\":\"https:\/\/carnad.com\/da\/\",\"logo\":{\"@type\":\"ImageObject\",\"inLanguage\":\"da-DK\",\"@id\":\"https:\/\/carnad.com\/da\/#\/schema\/logo\/image\/\",\"url\":\"https:\/\/carnad.com\/wp-content\/uploads\/2022\/11\/Aktiv-1@4x.png\",\"contentUrl\":\"https:\/\/carnad.com\/wp-content\/uploads\/2022\/11\/Aktiv-1@4x.png\",\"width\":445,\"height\":44,\"caption\":\"Carnad\"},\"image\":{\"@id\":\"https:\/\/carnad.com\/da\/#\/schema\/logo\/image\/\"}}]}<\/script>\n<!-- \/ Yoast SEO plugin. -->","yoast_head_json":{"title":"Rejer - Carnad","robots":{"index":"index","follow":"follow","max-snippet":"max-snippet:-1","max-image-preview":"max-image-preview:large","max-video-preview":"max-video-preview:-1"},"canonical":"https:\/\/carnad.com\/da\/rejer\/","og_locale":"da_DK","og_type":"article","og_title":"Rejer - Carnad","og_description":"Rejer Hvad g\u00f8r vores rejeprodukt specielt? Carnad Kokumi Shrimp er fremstillet 100% naturligt af den nordatlantiske koldtvandsreje (Pandalus borealis), som er kendt verden over for sin delikate, s\u00f8de smag. Koldtvandsrejer er en god proteinkilde og har et lavt fedtindhold, hvilket g\u00f8r dem til en sund og n\u00e6rende delikatesse. Rejer skal smage af rejer. Koldtvandsrejen findes [&hellip;]","og_url":"https:\/\/carnad.com\/da\/rejer\/","og_site_name":"Carnad","article_modified_time":"2026-05-05T10:01:28+00:00","og_image":[{"url":"https:\/\/carnad.com\/wp-content\/uploads\/2023\/12\/pexels-dana-tentis-7259921-1024x683.jpg"}],"twitter_card":"summary_large_image","twitter_misc":{"Estimeret l\u00e6setid":"2 minutter"},"schema":{"@context":"https:\/\/schema.org","@graph":[{"@type":"WebPage","@id":"https:\/\/carnad.com\/da\/rejer\/","url":"https:\/\/carnad.com\/da\/rejer\/","name":"Rejer - Carnad","isPartOf":{"@id":"https:\/\/carnad.com\/da\/#website"},"datePublished":"2023-12-14T15:34:52+00:00","dateModified":"2026-05-05T10:01:28+00:00","breadcrumb":{"@id":"https:\/\/carnad.com\/da\/rejer\/#breadcrumb"},"inLanguage":"da-DK","potentialAction":[{"@type":"ReadAction","target":["https:\/\/carnad.com\/da\/rejer\/"]}]},{"@type":"BreadcrumbList","@id":"https:\/\/carnad.com\/da\/rejer\/#breadcrumb","itemListElement":[{"@type":"ListItem","position":1,"name":"Home","item":"https:\/\/carnad.com\/da\/"},{"@type":"ListItem","position":2,"name":"Rejer"}]},{"@type":"WebSite","@id":"https:\/\/carnad.com\/da\/#website","url":"https:\/\/carnad.com\/da\/","name":"Carnad","description":"A natural product","publisher":{"@id":"https:\/\/carnad.com\/da\/#organization"},"potentialAction":[{"@type":"SearchAction","target":{"@type":"EntryPoint","urlTemplate":"https:\/\/carnad.com\/da\/?s={search_term_string}"},"query-input":"required name=search_term_string"}],"inLanguage":"da-DK"},{"@type":"Organization","@id":"https:\/\/carnad.com\/da\/#organization","name":"Carnad","url":"https:\/\/carnad.com\/da\/","logo":{"@type":"ImageObject","inLanguage":"da-DK","@id":"https:\/\/carnad.com\/da\/#\/schema\/logo\/image\/","url":"https:\/\/carnad.com\/wp-content\/uploads\/2022\/11\/Aktiv-1@4x.png","contentUrl":"https:\/\/carnad.com\/wp-content\/uploads\/2022\/11\/Aktiv-1@4x.png","width":445,"height":44,"caption":"Carnad"},"image":{"@id":"https:\/\/carnad.com\/da\/#\/schema\/logo\/image\/"}}]}},"_links":{"self":[{"href":"https:\/\/carnad.com\/da\/wp-json\/wp\/v2\/pages\/2541","targetHints":{"allow":["GET"]}}],"collection":[{"href":"https:\/\/carnad.com\/da\/wp-json\/wp\/v2\/pages"}],"about":[{"href":"https:\/\/carnad.com\/da\/wp-json\/wp\/v2\/types\/page"}],"author":[{"embeddable":true,"href":"https:\/\/carnad.com\/da\/wp-json\/wp\/v2\/users\/1"}],"replies":[{"embeddable":true,"href":"https:\/\/carnad.com\/da\/wp-json\/wp\/v2\/comments?post=2541"}],"version-history":[{"count":6,"href":"https:\/\/carnad.com\/da\/wp-json\/wp\/v2\/pages\/2541\/revisions"}],"predecessor-version":[{"id":2848,"href":"https:\/\/carnad.com\/da\/wp-json\/wp\/v2\/pages\/2541\/revisions\/2848"}],"wp:attachment":[{"href":"https:\/\/carnad.com\/da\/wp-json\/wp\/v2\/media?parent=2541"}],"curies":[{"name":"wp","href":"https:\/\/api.w.org\/{rel}","templated":true}]}}