{"id":2545,"date":"2023-12-14T15:15:39","date_gmt":"2023-12-14T15:15:39","guid":{"rendered":"https:\/\/carnad.com\/hummer\/"},"modified":"2023-12-14T15:55:27","modified_gmt":"2023-12-14T15:55:27","slug":"hummer","status":"publish","type":"page","link":"https:\/\/carnad.com\/da\/hummer\/","title":{"rendered":"Hummer"},"content":{"rendered":"\t\t<div data-elementor-type=\"wp-page\" data-elementor-id=\"2545\" class=\"elementor elementor-2545 elementor-2488\">\n\t\t\t\t\t\t\t\t\t<section class=\"elementor-section elementor-top-section elementor-element elementor-element-81ab991 elementor-section-full_width elementor-section-height-min-height elementor-section-height-default elementor-section-items-middle\" data-id=\"81ab991\" data-element_type=\"section\" data-settings=\"{&quot;background_background&quot;:&quot;classic&quot;}\">\n\t\t\t\t\t\t\t<div class=\"elementor-background-overlay\"><\/div>\n\t\t\t\t\t\t\t<div class=\"elementor-container elementor-column-gap-default\">\n\t\t\t\t\t<div class=\"elementor-column elementor-col-100 elementor-top-column elementor-element elementor-element-dd47b6b\" data-id=\"dd47b6b\" data-element_type=\"column\">\n\t\t\t<div class=\"elementor-widget-wrap elementor-element-populated\">\n\t\t\t\t\t\t\t\t<div class=\"elementor-element elementor-element-0b8c3ee elementor-widget elementor-widget-heading\" data-id=\"0b8c3ee\" data-element_type=\"widget\" data-widget_type=\"heading.default\">\n\t\t\t\t<div class=\"elementor-widget-container\">\n\t\t\t<style>\/*! elementor - v3.11.5 - 14-03-2023 *\/\n.elementor-heading-title{padding:0;margin:0;line-height:1}.elementor-widget-heading .elementor-heading-title[class*=elementor-size-]>a{color:inherit;font-size:inherit;line-height:inherit}.elementor-widget-heading .elementor-heading-title.elementor-size-small{font-size:15px}.elementor-widget-heading .elementor-heading-title.elementor-size-medium{font-size:19px}.elementor-widget-heading .elementor-heading-title.elementor-size-large{font-size:29px}.elementor-widget-heading .elementor-heading-title.elementor-size-xl{font-size:39px}.elementor-widget-heading .elementor-heading-title.elementor-size-xxl{font-size:59px}<\/style><h2 class=\"elementor-heading-title elementor-size-default\">Hummer<\/h2>\t\t<\/div>\n\t\t\t\t<\/div>\n\t\t\t\t\t<\/div>\n\t\t<\/div>\n\t\t\t\t\t\t\t<\/div>\n\t\t<\/section>\n\t\t\t\t<section class=\"elementor-section elementor-top-section elementor-element elementor-element-3d3eed4 elementor-section-full_width elementor-section-height-default elementor-section-height-default\" data-id=\"3d3eed4\" data-element_type=\"section\" data-settings=\"{&quot;background_background&quot;:&quot;classic&quot;}\">\n\t\t\t\t\t\t<div class=\"elementor-container elementor-column-gap-default\">\n\t\t\t\t\t<div class=\"elementor-column elementor-col-50 elementor-top-column elementor-element elementor-element-974e072\" data-id=\"974e072\" data-element_type=\"column\" data-settings=\"{&quot;background_background&quot;:&quot;classic&quot;}\">\n\t\t\t<div class=\"elementor-widget-wrap elementor-element-populated\">\n\t\t\t\t\t\t\t\t<div class=\"elementor-element elementor-element-8240da3 elementor-widget elementor-widget-heading\" data-id=\"8240da3\" data-element_type=\"widget\" data-widget_type=\"heading.default\">\n\t\t\t\t<div class=\"elementor-widget-container\">\n\t\t\t<h2 class=\"elementor-heading-title elementor-size-default\">Hvad g\u00f8r vores hummerprodukter til noget s\u00e6rligt?\n<\/h2>\t\t<\/div>\n\t\t\t\t<\/div>\n\t\t\t\t<div class=\"elementor-element elementor-element-5928fc1 elementor-widget__width-initial elementor-widget elementor-widget-text-editor\" data-id=\"5928fc1\" data-element_type=\"widget\" data-widget_type=\"text-editor.default\">\n\t\t\t\t<div class=\"elementor-widget-container\">\n\t\t\t<style>\/*! elementor - v3.11.5 - 14-03-2023 *\/\n.elementor-widget-text-editor.elementor-drop-cap-view-stacked .elementor-drop-cap{background-color:#818a91;color:#fff}.elementor-widget-text-editor.elementor-drop-cap-view-framed .elementor-drop-cap{color:#818a91;border:3px solid;background-color:transparent}.elementor-widget-text-editor:not(.elementor-drop-cap-view-default) .elementor-drop-cap{margin-top:8px}.elementor-widget-text-editor:not(.elementor-drop-cap-view-default) .elementor-drop-cap-letter{width:1em;height:1em}.elementor-widget-text-editor .elementor-drop-cap{float:left;text-align:center;line-height:1;font-size:50px}.elementor-widget-text-editor .elementor-drop-cap-letter{display:inline-block}<\/style>\t\t\t\t<p>Carnad Kokumi Lobster-produkter er fremstillet af en 100 % naturlig blanding af nordatlantisk hummer og strandkrabber. Hummer skal smage af hummer.<\/p>\n<p>Karnad ligger i den nordlige del af Danmark omgivet af vand. Vi k\u00f8ber vores r\u00e5varer til fisk og skaldyr s\u00e5 t\u00e6t p\u00e5 vores fabrik som muligt.<\/p>\n<p>Med vores Carnad Kokumi Lobster Stock\/Extract and Powder kan du undg\u00e5 at bruge kunstig smag i maden. Alle Carnad-produkter er fremstillet 100 % naturligt. Vi forarbejder simpelthen det r\u00e5 hummer- og krabbemateriale ved at nedbryde det og koncentrere det til en flydende substans. Uden tils\u00e6tning af kunstige stoffer. Som et resultat f\u00e5r du et Clean Label-produkt med en ren smag.<\/p>\n<p>Carnad Kokumi Lobster Stock\/Extract og pulver har et h\u00f8jt naturligt indhold af glutaminsyre og glutamater, der giver en fantastisk umamismag. Et efterspurgt produkt. Is\u00e6r p\u00e5 det asiatiske marked.<\/p>\n<p>Hummerbisque, hummerrisotto eller enhver anden hummerret kan opbygges med en blanding af Carnad-skaldyrsprodukter.<\/p>\n<p>Den l\u00e6kre Umami-smag, der fylder munden med hummer og krabbe, kan i alle situationer opn\u00e5s ved at tils\u00e6tte ca. 1 % til slutproduktet.<\/p>\n\t\t\t\t\t\t<\/div>\n\t\t\t\t<\/div>\n\t\t\t\t<div class=\"elementor-element elementor-element-5be8a8a elementor-widget elementor-widget-heading\" data-id=\"5be8a8a\" data-element_type=\"widget\" data-widget_type=\"heading.default\">\n\t\t\t\t<div class=\"elementor-widget-container\">\n\t\t\t<h3 class=\"elementor-heading-title elementor-size-default\">Kokumi hummer ekstrakt\/fond\/pulver\n<\/h3>\t\t<\/div>\n\t\t\t\t<\/div>\n\t\t\t\t<div class=\"elementor-element elementor-element-44b576e elementor-widget__width-initial elementor-widget elementor-widget-text-editor\" data-id=\"44b576e\" data-element_type=\"widget\" data-widget_type=\"text-editor.default\">\n\t\t\t\t<div class=\"elementor-widget-container\">\n\t\t\t\t\t\t\t<p>Carnad Kokumi Lobster Stock\/Extract\/powder indeholder rene k\u00f8dproteiner uden den bitre smag fra skallerne. Og du kan nemt bruge Carnad Kokumi Hummer ekstrakt\/fond\/pulver som hovedingrediens og smagsforst\u00e6rker i skabelsen af nye opskrifter.<\/p>\n\t\t\t\t\t\t<\/div>\n\t\t\t\t<\/div>\n\t\t\t\t\t<\/div>\n\t\t<\/div>\n\t\t\t\t<div class=\"elementor-column elementor-col-50 elementor-top-column elementor-element elementor-element-1135ba9\" data-id=\"1135ba9\" data-element_type=\"column\" data-settings=\"{&quot;background_background&quot;:&quot;classic&quot;}\">\n\t\t\t<div class=\"elementor-widget-wrap elementor-element-populated\">\n\t\t\t\t\t\t\t\t<div class=\"elementor-element elementor-element-8eb430b elementor-hidden-desktop elementor-hidden-tablet elementor-widget elementor-widget-image\" data-id=\"8eb430b\" data-element_type=\"widget\" data-widget_type=\"image.default\">\n\t\t\t\t<div class=\"elementor-widget-container\">\n\t\t\t<style>\/*! elementor - v3.11.5 - 14-03-2023 *\/\n.elementor-widget-image{text-align:center}.elementor-widget-image a{display:inline-block}.elementor-widget-image a img[src$=\".svg\"]{width:48px}.elementor-widget-image img{vertical-align:middle;display:inline-block}<\/style>\t\t\t\t\t\t\t\t\t\t\t\t<img loading=\"lazy\" decoding=\"async\" width=\"800\" height=\"600\" src=\"https:\/\/carnad.com\/wp-content\/uploads\/2023\/12\/pexels-kindel-media-83523961-1024x768.jpg\" class=\"attachment-large size-large wp-image-2509\" alt=\"\" srcset=\"https:\/\/carnad.com\/wp-content\/uploads\/2023\/12\/pexels-kindel-media-83523961-1024x768.jpg 1024w, https:\/\/carnad.com\/wp-content\/uploads\/2023\/12\/pexels-kindel-media-83523961-300x225.jpg 300w, https:\/\/carnad.com\/wp-content\/uploads\/2023\/12\/pexels-kindel-media-83523961-768x576.jpg 768w, https:\/\/carnad.com\/wp-content\/uploads\/2023\/12\/pexels-kindel-media-83523961-1536x1152.jpg 1536w, https:\/\/carnad.com\/wp-content\/uploads\/2023\/12\/pexels-kindel-media-83523961-2048x1536.jpg 2048w\" sizes=\"auto, (max-width: 800px) 100vw, 800px\" \/>\t\t\t\t\t\t\t\t\t\t\t\t\t\t\t<\/div>\n\t\t\t\t<\/div>\n\t\t\t\t\t<\/div>\n\t\t<\/div>\n\t\t\t\t\t\t\t<\/div>\n\t\t<\/section>\n\t\t\t\t\t\t\t<\/div>\n\t\t","protected":false},"excerpt":{"rendered":"<p>Hummer Hvad g\u00f8r vores hummerprodukter til noget s\u00e6rligt? Carnad Kokumi Lobster-produkter er fremstillet af en 100 % naturlig blanding af nordatlantisk hummer og strandkrabber. Hummer skal smage af hummer. Karnad ligger i den nordlige del af Danmark omgivet af vand. Vi k\u00f8ber vores r\u00e5varer til fisk og skaldyr s\u00e5 t\u00e6t p\u00e5 vores fabrik som muligt. [&hellip;]<\/p>\n","protected":false},"author":1,"featured_media":0,"parent":0,"menu_order":0,"comment_status":"closed","ping_status":"closed","template":"","meta":{"footnotes":""},"class_list":["post-2545","page","type-page","status-publish","hentry"],"acf":[],"yoast_head":"<!-- This site is optimized with the Yoast SEO plugin v20.3 - https:\/\/yoast.com\/wordpress\/plugins\/seo\/ -->\n<title>Hummer - Carnad<\/title>\n<meta name=\"robots\" content=\"index, follow, max-snippet:-1, max-image-preview:large, max-video-preview:-1\" \/>\n<link rel=\"canonical\" href=\"https:\/\/carnad.com\/da\/hummer\/\" \/>\n<meta property=\"og:locale\" content=\"da_DK\" \/>\n<meta property=\"og:type\" content=\"article\" \/>\n<meta property=\"og:title\" content=\"Hummer - Carnad\" \/>\n<meta property=\"og:description\" content=\"Hummer Hvad g\u00f8r vores hummerprodukter til noget s\u00e6rligt? Carnad Kokumi Lobster-produkter er fremstillet af en 100 % naturlig blanding af nordatlantisk hummer og strandkrabber. Hummer skal smage af hummer. Karnad ligger i den nordlige del af Danmark omgivet af vand. Vi k\u00f8ber vores r\u00e5varer til fisk og skaldyr s\u00e5 t\u00e6t p\u00e5 vores fabrik som muligt. [&hellip;]\" \/>\n<meta property=\"og:url\" content=\"https:\/\/carnad.com\/da\/hummer\/\" \/>\n<meta property=\"og:site_name\" content=\"Carnad\" \/>\n<meta property=\"article:modified_time\" content=\"2023-12-14T15:55:27+00:00\" \/>\n<meta property=\"og:image\" content=\"https:\/\/carnad.com\/wp-content\/uploads\/2023\/12\/pexels-kindel-media-83523961-1024x768.jpg\" \/>\n<meta name=\"twitter:card\" content=\"summary_large_image\" \/>\n<meta name=\"twitter:label1\" content=\"Estimeret l\u00e6setid\" \/>\n\t<meta name=\"twitter:data1\" content=\"1 minut\" \/>\n<script type=\"application\/ld+json\" class=\"yoast-schema-graph\">{\"@context\":\"https:\/\/schema.org\",\"@graph\":[{\"@type\":\"WebPage\",\"@id\":\"https:\/\/carnad.com\/da\/hummer\/\",\"url\":\"https:\/\/carnad.com\/da\/hummer\/\",\"name\":\"Hummer - Carnad\",\"isPartOf\":{\"@id\":\"https:\/\/carnad.com\/da\/#website\"},\"datePublished\":\"2023-12-14T15:15:39+00:00\",\"dateModified\":\"2023-12-14T15:55:27+00:00\",\"breadcrumb\":{\"@id\":\"https:\/\/carnad.com\/da\/hummer\/#breadcrumb\"},\"inLanguage\":\"da-DK\",\"potentialAction\":[{\"@type\":\"ReadAction\",\"target\":[\"https:\/\/carnad.com\/da\/hummer\/\"]}]},{\"@type\":\"BreadcrumbList\",\"@id\":\"https:\/\/carnad.com\/da\/hummer\/#breadcrumb\",\"itemListElement\":[{\"@type\":\"ListItem\",\"position\":1,\"name\":\"Home\",\"item\":\"https:\/\/carnad.com\/da\/\"},{\"@type\":\"ListItem\",\"position\":2,\"name\":\"Hummer\"}]},{\"@type\":\"WebSite\",\"@id\":\"https:\/\/carnad.com\/da\/#website\",\"url\":\"https:\/\/carnad.com\/da\/\",\"name\":\"Carnad\",\"description\":\"A natural product\",\"publisher\":{\"@id\":\"https:\/\/carnad.com\/da\/#organization\"},\"potentialAction\":[{\"@type\":\"SearchAction\",\"target\":{\"@type\":\"EntryPoint\",\"urlTemplate\":\"https:\/\/carnad.com\/da\/?s={search_term_string}\"},\"query-input\":\"required name=search_term_string\"}],\"inLanguage\":\"da-DK\"},{\"@type\":\"Organization\",\"@id\":\"https:\/\/carnad.com\/da\/#organization\",\"name\":\"Carnad\",\"url\":\"https:\/\/carnad.com\/da\/\",\"logo\":{\"@type\":\"ImageObject\",\"inLanguage\":\"da-DK\",\"@id\":\"https:\/\/carnad.com\/da\/#\/schema\/logo\/image\/\",\"url\":\"https:\/\/carnad.com\/wp-content\/uploads\/2022\/11\/Aktiv-1@4x.png\",\"contentUrl\":\"https:\/\/carnad.com\/wp-content\/uploads\/2022\/11\/Aktiv-1@4x.png\",\"width\":445,\"height\":44,\"caption\":\"Carnad\"},\"image\":{\"@id\":\"https:\/\/carnad.com\/da\/#\/schema\/logo\/image\/\"}}]}<\/script>\n<!-- \/ Yoast SEO plugin. -->","yoast_head_json":{"title":"Hummer - Carnad","robots":{"index":"index","follow":"follow","max-snippet":"max-snippet:-1","max-image-preview":"max-image-preview:large","max-video-preview":"max-video-preview:-1"},"canonical":"https:\/\/carnad.com\/da\/hummer\/","og_locale":"da_DK","og_type":"article","og_title":"Hummer - Carnad","og_description":"Hummer Hvad g\u00f8r vores hummerprodukter til noget s\u00e6rligt? Carnad Kokumi Lobster-produkter er fremstillet af en 100 % naturlig blanding af nordatlantisk hummer og strandkrabber. Hummer skal smage af hummer. Karnad ligger i den nordlige del af Danmark omgivet af vand. Vi k\u00f8ber vores r\u00e5varer til fisk og skaldyr s\u00e5 t\u00e6t p\u00e5 vores fabrik som muligt. [&hellip;]","og_url":"https:\/\/carnad.com\/da\/hummer\/","og_site_name":"Carnad","article_modified_time":"2023-12-14T15:55:27+00:00","og_image":[{"url":"https:\/\/carnad.com\/wp-content\/uploads\/2023\/12\/pexels-kindel-media-83523961-1024x768.jpg"}],"twitter_card":"summary_large_image","twitter_misc":{"Estimeret l\u00e6setid":"1 minut"},"schema":{"@context":"https:\/\/schema.org","@graph":[{"@type":"WebPage","@id":"https:\/\/carnad.com\/da\/hummer\/","url":"https:\/\/carnad.com\/da\/hummer\/","name":"Hummer - Carnad","isPartOf":{"@id":"https:\/\/carnad.com\/da\/#website"},"datePublished":"2023-12-14T15:15:39+00:00","dateModified":"2023-12-14T15:55:27+00:00","breadcrumb":{"@id":"https:\/\/carnad.com\/da\/hummer\/#breadcrumb"},"inLanguage":"da-DK","potentialAction":[{"@type":"ReadAction","target":["https:\/\/carnad.com\/da\/hummer\/"]}]},{"@type":"BreadcrumbList","@id":"https:\/\/carnad.com\/da\/hummer\/#breadcrumb","itemListElement":[{"@type":"ListItem","position":1,"name":"Home","item":"https:\/\/carnad.com\/da\/"},{"@type":"ListItem","position":2,"name":"Hummer"}]},{"@type":"WebSite","@id":"https:\/\/carnad.com\/da\/#website","url":"https:\/\/carnad.com\/da\/","name":"Carnad","description":"A natural product","publisher":{"@id":"https:\/\/carnad.com\/da\/#organization"},"potentialAction":[{"@type":"SearchAction","target":{"@type":"EntryPoint","urlTemplate":"https:\/\/carnad.com\/da\/?s={search_term_string}"},"query-input":"required name=search_term_string"}],"inLanguage":"da-DK"},{"@type":"Organization","@id":"https:\/\/carnad.com\/da\/#organization","name":"Carnad","url":"https:\/\/carnad.com\/da\/","logo":{"@type":"ImageObject","inLanguage":"da-DK","@id":"https:\/\/carnad.com\/da\/#\/schema\/logo\/image\/","url":"https:\/\/carnad.com\/wp-content\/uploads\/2022\/11\/Aktiv-1@4x.png","contentUrl":"https:\/\/carnad.com\/wp-content\/uploads\/2022\/11\/Aktiv-1@4x.png","width":445,"height":44,"caption":"Carnad"},"image":{"@id":"https:\/\/carnad.com\/da\/#\/schema\/logo\/image\/"}}]}},"_links":{"self":[{"href":"https:\/\/carnad.com\/da\/wp-json\/wp\/v2\/pages\/2545","targetHints":{"allow":["GET"]}}],"collection":[{"href":"https:\/\/carnad.com\/da\/wp-json\/wp\/v2\/pages"}],"about":[{"href":"https:\/\/carnad.com\/da\/wp-json\/wp\/v2\/types\/page"}],"author":[{"embeddable":true,"href":"https:\/\/carnad.com\/da\/wp-json\/wp\/v2\/users\/1"}],"replies":[{"embeddable":true,"href":"https:\/\/carnad.com\/da\/wp-json\/wp\/v2\/comments?post=2545"}],"version-history":[{"count":1,"href":"https:\/\/carnad.com\/da\/wp-json\/wp\/v2\/pages\/2545\/revisions"}],"predecessor-version":[{"id":2546,"href":"https:\/\/carnad.com\/da\/wp-json\/wp\/v2\/pages\/2545\/revisions\/2546"}],"wp:attachment":[{"href":"https:\/\/carnad.com\/da\/wp-json\/wp\/v2\/media?parent=2545"}],"curies":[{"name":"wp","href":"https:\/\/api.w.org\/{rel}","templated":true}]}}